{"id":233,"date":"2024-12-30T13:43:25","date_gmt":"2024-12-30T13:43:25","guid":{"rendered":"https:\/\/daijikimura.com\/?page_id=233"},"modified":"2024-12-30T13:46:08","modified_gmt":"2024-12-30T13:46:08","slug":"reporting-irregularities","status":"publish","type":"page","link":"https:\/\/daijikimura.com\/pl\/reporting-irregularities\/","title":{"rendered":"Zg\u0142aszanie nieprawid\u0142owo\u015bci"},"content":{"rendered":"<div data-elementor-type=\"wp-page\" data-elementor-id=\"233\" class=\"elementor elementor-233\">\n\t\t\t\t<div class=\"elementor-element elementor-element-17943d6 e-con-full e-flex e-con e-parent\" data-id=\"17943d6\" data-element_type=\"container\">\n\t\t\t\t<div class=\"elementor-element elementor-element-1256770 elementor-widget elementor-widget-text-editor\" data-id=\"1256770\" data-element_type=\"widget\" data-widget_type=\"text-editor.default\">\n\t\t\t\t<div class=\"elementor-widget-container\">\n\t\t\t\t\t\t\t\t\t<h1><strong>Zg\u0142aszanie nieprawid\u0142owo\u015bci<\/strong><\/h1><p>We are committed to maintaining the highest ethical standards and ensuring transparency in all our operations. If you notice any irregularities, unlawful activities, or violations of regulations, we encourage you to report them. Your input helps us safeguard compliance, safety, and the integrity of our organization.<\/p><h3><strong>How to Report Irregularities?<\/strong><\/h3><p>You can report concerns through this email: info@daijikimura.com<\/p><h3><strong style=\"font-size: 18px; text-align: var(--text-align);\">What Can Be Reported?<\/strong><\/h3><p>You can report any situations involving:<\/p><ul><li>Violations of laws or regulations, such as data protection, financial, labor, or environmental laws.<\/li><li>Fraud, corruption, or conflicts of interest.<\/li><li>Misconduct, including harassment or discrimination.<\/li><li>Any actions that could harm the company\u2019s reputation or violate its ethical values.<\/li><\/ul><h3><strong>Confidentiality and Protection of Whistleblowers<\/strong><\/h3><p>We guarantee full confidentiality for all reports and offer the option to submit reports anonymously. Whistleblowers are protected from any form of retaliation, in line with the Whistleblower Protection Directive.<\/p><h3><strong>Reporting Process<\/strong><\/h3><ol><li>Upon receiving your report, we will conduct an initial assessment.<\/li><li>If additional information is needed, we may contact you (if the report is not anonymous).<\/li><li>We will take appropriate actions to address the issue in accordance with applicable laws and internal procedures.<\/li><\/ol><p>Thank you for helping us maintain a fair, safe, and ethical environment.<\/p>\t\t\t\t\t\t\t\t<\/div>\n\t\t\t\t<\/div>\n\t\t\t\t<\/div>\n\t\t\t\t<\/div>","protected":false},"excerpt":{"rendered":"<p>Reporting Irregularities We are committed to maintaining the highest ethical standards and ensuring transparency in all our operations. If you notice any irregularities, unlawful activities, or violations of regulations, we encourage you to report them. Your input helps us safeguard compliance, safety, and the integrity of our organization. How to Report Irregularities? You can report [&hellip;]<\/p>","protected":false},"author":1,"featured_media":0,"parent":0,"menu_order":0,"comment_status":"closed","ping_status":"closed","template":"","meta":{"ocean_post_layout":"full-width","ocean_both_sidebars_style":"","ocean_both_sidebars_content_width":0,"ocean_both_sidebars_sidebars_width":0,"ocean_sidebar":"","ocean_second_sidebar":"","ocean_disable_margins":"enable","ocean_add_body_class":"","ocean_shortcode_before_top_bar":"","ocean_shortcode_after_top_bar":"","ocean_shortcode_before_header":"","ocean_shortcode_after_header":"","ocean_has_shortcode":"","ocean_shortcode_after_title":"","ocean_shortcode_before_footer_widgets":"","ocean_shortcode_after_footer_widgets":"","ocean_shortcode_before_footer_bottom":"","ocean_shortcode_after_footer_bottom":"","ocean_display_top_bar":"default","ocean_display_header":"default","ocean_header_style":"","ocean_center_header_left_menu":"","ocean_custom_header_template":"","ocean_custom_logo":0,"ocean_custom_retina_logo":0,"ocean_custom_logo_max_width":0,"ocean_custom_logo_tablet_max_width":0,"ocean_custom_logo_mobile_max_width":0,"ocean_custom_logo_max_height":0,"ocean_custom_logo_tablet_max_height":0,"ocean_custom_logo_mobile_max_height":0,"ocean_header_custom_menu":"","ocean_menu_typo_font_family":"","ocean_menu_typo_font_subset":"","ocean_menu_typo_font_size":0,"ocean_menu_typo_font_size_tablet":0,"ocean_menu_typo_font_size_mobile":0,"ocean_menu_typo_font_size_unit":"px","ocean_menu_typo_font_weight":"","ocean_menu_typo_font_weight_tablet":"","ocean_menu_typo_font_weight_mobile":"","ocean_menu_typo_transform":"","ocean_menu_typo_transform_tablet":"","ocean_menu_typo_transform_mobile":"","ocean_menu_typo_line_height":0,"ocean_menu_typo_line_height_tablet":0,"ocean_menu_typo_line_height_mobile":0,"ocean_menu_typo_line_height_unit":"","ocean_menu_typo_spacing":0,"ocean_menu_typo_spacing_tablet":0,"ocean_menu_typo_spacing_mobile":0,"ocean_menu_typo_spacing_unit":"","ocean_menu_link_color":"","ocean_menu_link_color_hover":"","ocean_menu_link_color_active":"","ocean_menu_link_background":"","ocean_menu_link_hover_background":"","ocean_menu_link_active_background":"","ocean_menu_social_links_bg":"","ocean_menu_social_hover_links_bg":"","ocean_menu_social_links_color":"","ocean_menu_social_hover_links_color":"","ocean_disable_title":"on","ocean_disable_heading":"default","ocean_post_title":"","ocean_post_subheading":"","ocean_post_title_style":"","ocean_post_title_background_color":"","ocean_post_title_background":0,"ocean_post_title_bg_image_position":"","ocean_post_title_bg_image_attachment":"","ocean_post_title_bg_image_repeat":"","ocean_post_title_bg_image_size":"","ocean_post_title_height":0,"ocean_post_title_bg_overlay":0.5,"ocean_post_title_bg_overlay_color":"","ocean_disable_breadcrumbs":"default","ocean_breadcrumbs_color":"","ocean_breadcrumbs_separator_color":"","ocean_breadcrumbs_links_color":"","ocean_breadcrumbs_links_hover_color":"","ocean_display_footer_widgets":"default","ocean_display_footer_bottom":"default","ocean_custom_footer_template":"","footnotes":""},"class_list":["post-233","page","type-page","status-publish","hentry","entry"],"yoast_head":"<!-- This site is optimized with the Yoast SEO plugin v24.2 - https:\/\/yoast.com\/wordpress\/plugins\/seo\/ -->\n<title>Reporting Irregularities - Daiji Kimura - AI Consulting, Training and Development services.<\/title>\n<meta name=\"robots\" content=\"index, follow, max-snippet:-1, max-image-preview:large, max-video-preview:-1\" \/>\n<link rel=\"canonical\" href=\"https:\/\/daijikimura.com\/pl\/reporting-irregularities\/\" \/>\n<meta property=\"og:locale\" content=\"pl_PL\" \/>\n<meta property=\"og:type\" content=\"article\" \/>\n<meta property=\"og:title\" content=\"Reporting Irregularities - Daiji Kimura - AI Consulting, Training and Development services.\" \/>\n<meta property=\"og:description\" content=\"Reporting Irregularities We are committed to maintaining the highest ethical standards and ensuring transparency in all our operations. If you notice any irregularities, unlawful activities, or violations of regulations, we encourage you to report them. Your input helps us safeguard compliance, safety, and the integrity of our organization. How to Report Irregularities? You can report [&hellip;]\" \/>\n<meta property=\"og:url\" content=\"https:\/\/daijikimura.com\/pl\/reporting-irregularities\/\" \/>\n<meta property=\"og:site_name\" content=\"Daiji Kimura - AI Consulting, Training and Development services.\" \/>\n<meta property=\"article:modified_time\" content=\"2024-12-30T13:46:08+00:00\" \/>\n<meta property=\"og:image\" content=\"https:\/\/daijikimura.com\/wp-content\/uploads\/2025\/01\/VA_04892-2.png\" \/>\n\t<meta property=\"og:image:width\" content=\"1296\" \/>\n\t<meta property=\"og:image:height\" content=\"1296\" \/>\n\t<meta property=\"og:image:type\" content=\"image\/png\" \/>\n<meta name=\"twitter:card\" content=\"summary_large_image\" \/>\n<meta name=\"twitter:label1\" content=\"Szacowany czas czytania\" \/>\n\t<meta name=\"twitter:data1\" content=\"1 minuta\" \/>\n<script type=\"application\/ld+json\" class=\"yoast-schema-graph\">{\"@context\":\"https:\/\/schema.org\",\"@graph\":[{\"@type\":\"WebPage\",\"@id\":\"https:\/\/daijikimura.com\/reporting-irregularities\/\",\"url\":\"https:\/\/daijikimura.com\/reporting-irregularities\/\",\"name\":\"Reporting Irregularities - Daiji Kimura - AI Consulting, Training and Development services.\",\"isPartOf\":{\"@id\":\"https:\/\/daijikimura.com\/#website\"},\"datePublished\":\"2024-12-30T13:43:25+00:00\",\"dateModified\":\"2024-12-30T13:46:08+00:00\",\"breadcrumb\":{\"@id\":\"https:\/\/daijikimura.com\/reporting-irregularities\/#breadcrumb\"},\"inLanguage\":\"pl-PL\",\"potentialAction\":[{\"@type\":\"ReadAction\",\"target\":[\"https:\/\/daijikimura.com\/reporting-irregularities\/\"]}]},{\"@type\":\"BreadcrumbList\",\"@id\":\"https:\/\/daijikimura.com\/reporting-irregularities\/#breadcrumb\",\"itemListElement\":[{\"@type\":\"ListItem\",\"position\":1,\"name\":\"Home\",\"item\":\"https:\/\/daijikimura.com\/\"},{\"@type\":\"ListItem\",\"position\":2,\"name\":\"Reporting Irregularities\"}]},{\"@type\":\"WebSite\",\"@id\":\"https:\/\/daijikimura.com\/#website\",\"url\":\"https:\/\/daijikimura.com\/\",\"name\":\"Daiji Kimura - Enterprise Software and Growth Consultant\",\"description\":\"AI Consulting, Training and Development services.\",\"publisher\":{\"@id\":\"https:\/\/daijikimura.com\/#organization\"},\"potentialAction\":[{\"@type\":\"SearchAction\",\"target\":{\"@type\":\"EntryPoint\",\"urlTemplate\":\"https:\/\/daijikimura.com\/?s={search_term_string}\"},\"query-input\":{\"@type\":\"PropertyValueSpecification\",\"valueRequired\":true,\"valueName\":\"search_term_string\"}}],\"inLanguage\":\"pl-PL\"},{\"@type\":\"Organization\",\"@id\":\"https:\/\/daijikimura.com\/#organization\",\"name\":\"Daiji Kimura - Enterprise Software and Growth Consultant\",\"url\":\"https:\/\/daijikimura.com\/\",\"logo\":{\"@type\":\"ImageObject\",\"inLanguage\":\"pl-PL\",\"@id\":\"https:\/\/daijikimura.com\/#\/schema\/logo\/image\/\",\"url\":\"https:\/\/daijikimura.com\/wp-content\/uploads\/2024\/12\/Group-39515-1.png\",\"contentUrl\":\"https:\/\/daijikimura.com\/wp-content\/uploads\/2024\/12\/Group-39515-1.png\",\"width\":337,\"height\":68,\"caption\":\"Daiji Kimura - Enterprise Software and Growth Consultant\"},\"image\":{\"@id\":\"https:\/\/daijikimura.com\/#\/schema\/logo\/image\/\"},\"sameAs\":[\"https:\/\/www.linkedin.com\/in\/daiji-daniel-kimura\/\"]}]}<\/script>\n<!-- \/ Yoast SEO plugin. -->","yoast_head_json":{"title":"Reporting Irregularities - Daiji Kimura - AI Consulting, Training and Development services.","robots":{"index":"index","follow":"follow","max-snippet":"max-snippet:-1","max-image-preview":"max-image-preview:large","max-video-preview":"max-video-preview:-1"},"canonical":"https:\/\/daijikimura.com\/pl\/reporting-irregularities\/","og_locale":"pl_PL","og_type":"article","og_title":"Reporting Irregularities - Daiji Kimura - AI Consulting, Training and Development services.","og_description":"Reporting Irregularities We are committed to maintaining the highest ethical standards and ensuring transparency in all our operations. If you notice any irregularities, unlawful activities, or violations of regulations, we encourage you to report them. Your input helps us safeguard compliance, safety, and the integrity of our organization. How to Report Irregularities? You can report [&hellip;]","og_url":"https:\/\/daijikimura.com\/pl\/reporting-irregularities\/","og_site_name":"Daiji Kimura - AI Consulting, Training and Development services.","article_modified_time":"2024-12-30T13:46:08+00:00","og_image":[{"width":1296,"height":1296,"url":"https:\/\/daijikimura.com\/wp-content\/uploads\/2025\/01\/VA_04892-2.png","type":"image\/png"}],"twitter_card":"summary_large_image","twitter_misc":{"Szacowany czas czytania":"1 minuta"},"schema":{"@context":"https:\/\/schema.org","@graph":[{"@type":"WebPage","@id":"https:\/\/daijikimura.com\/reporting-irregularities\/","url":"https:\/\/daijikimura.com\/reporting-irregularities\/","name":"Reporting Irregularities - Daiji Kimura - AI Consulting, Training and Development services.","isPartOf":{"@id":"https:\/\/daijikimura.com\/#website"},"datePublished":"2024-12-30T13:43:25+00:00","dateModified":"2024-12-30T13:46:08+00:00","breadcrumb":{"@id":"https:\/\/daijikimura.com\/reporting-irregularities\/#breadcrumb"},"inLanguage":"pl-PL","potentialAction":[{"@type":"ReadAction","target":["https:\/\/daijikimura.com\/reporting-irregularities\/"]}]},{"@type":"BreadcrumbList","@id":"https:\/\/daijikimura.com\/reporting-irregularities\/#breadcrumb","itemListElement":[{"@type":"ListItem","position":1,"name":"Home","item":"https:\/\/daijikimura.com\/"},{"@type":"ListItem","position":2,"name":"Reporting Irregularities"}]},{"@type":"WebSite","@id":"https:\/\/daijikimura.com\/#website","url":"https:\/\/daijikimura.com\/","name":"Daiji Kimura - Enterprise Software and Growth Consultant","description":"AI Consulting, Training and Development services.","publisher":{"@id":"https:\/\/daijikimura.com\/#organization"},"potentialAction":[{"@type":"SearchAction","target":{"@type":"EntryPoint","urlTemplate":"https:\/\/daijikimura.com\/?s={search_term_string}"},"query-input":{"@type":"PropertyValueSpecification","valueRequired":true,"valueName":"search_term_string"}}],"inLanguage":"pl-PL"},{"@type":"Organization","@id":"https:\/\/daijikimura.com\/#organization","name":"Daiji Kimura - Enterprise Software and Growth Consultant","url":"https:\/\/daijikimura.com\/","logo":{"@type":"ImageObject","inLanguage":"pl-PL","@id":"https:\/\/daijikimura.com\/#\/schema\/logo\/image\/","url":"https:\/\/daijikimura.com\/wp-content\/uploads\/2024\/12\/Group-39515-1.png","contentUrl":"https:\/\/daijikimura.com\/wp-content\/uploads\/2024\/12\/Group-39515-1.png","width":337,"height":68,"caption":"Daiji Kimura - Enterprise Software and Growth Consultant"},"image":{"@id":"https:\/\/daijikimura.com\/#\/schema\/logo\/image\/"},"sameAs":["https:\/\/www.linkedin.com\/in\/daiji-daniel-kimura\/"]}]}},"_links":{"self":[{"href":"https:\/\/daijikimura.com\/pl\/wp-json\/wp\/v2\/pages\/233","targetHints":{"allow":["GET"]}}],"collection":[{"href":"https:\/\/daijikimura.com\/pl\/wp-json\/wp\/v2\/pages"}],"about":[{"href":"https:\/\/daijikimura.com\/pl\/wp-json\/wp\/v2\/types\/page"}],"author":[{"embeddable":true,"href":"https:\/\/daijikimura.com\/pl\/wp-json\/wp\/v2\/users\/1"}],"replies":[{"embeddable":true,"href":"https:\/\/daijikimura.com\/pl\/wp-json\/wp\/v2\/comments?post=233"}],"version-history":[{"count":4,"href":"https:\/\/daijikimura.com\/pl\/wp-json\/wp\/v2\/pages\/233\/revisions"}],"predecessor-version":[{"id":237,"href":"https:\/\/daijikimura.com\/pl\/wp-json\/wp\/v2\/pages\/233\/revisions\/237"}],"wp:attachment":[{"href":"https:\/\/daijikimura.com\/pl\/wp-json\/wp\/v2\/media?parent=233"}],"curies":[{"name":"wp","href":"https:\/\/api.w.org\/{rel}","templated":true}]}}